{"id":69,"date":"2019-01-01T00:00:03","date_gmt":"2018-12-31T23:00:03","guid":{"rendered":""},"modified":"2023-02-22T23:49:42","modified_gmt":"2023-02-22T22:49:42","slug":"carta-cal-trapella","status":"publish","type":"page","link":"https:\/\/caltrapella.com\/es\/carta-cal-trapella\/","title":{"rendered":"Carta"},"content":{"rendered":"\n\n\t\t<div class=\"pixcode  pixcode--grid  grid\" >\n\t\t\t<div class=\"grid__item six-twelfths palm-one-whole\" >\n\t\t\n<div class=\"menu-list menu-list__dotted\">\n<h2 class=\"menu-list__title\">Para Compartir<\/h2>\n<p class=\"menu-list__item-desc\"><span class=\"desc__content\">Una raci\u00f3n<\/span><\/p>\n<span class=\"dots\"><\/span><span class=\"menu-list__item-price\">2.10\u20ac\n##Degustaci\u00f3n de 5 Croquetas<\/span><p class=\"menu-list__item-desc\"><span class=\"desc__content\">Pollo rustido, Ceps, Bacalao, Espinacas con queso de cabra, pimiento escalivado con queso de cabra, butifarra negra con manzana<\/span><\/p>\n<span class=\"dots\"><\/span><span class=\"menu-list__item-price\">8.90\u20ac\n##Degustaci\u00f3n de una croqueta<\/span><p class=\"menu-list__item-desc\"><span class=\"desc__content\">Pollo rustido, Ceps, Bacalao, Espinacas con queso de cabra, pimiento escalivado con queso de cabra, butifarra negra con manzana<\/span><\/p>\n<span class=\"dots\"><\/span><span class=\"menu-list__item-price\"> 2.15\u20ac\n##Patatas Trapelles<\/span><p class=\"menu-list__item-desc\"><span class=\"desc__content\">Nuestras patatas bravas<\/span><\/p>\n<span class=\"dots\"><\/span><span class=\"menu-list__item-price\">5.20\u20ac\n##Montaditos queso de cabra<\/span><p class=\"menu-list__item-desc\"><span class=\"desc__content\">Con confitura de tomate Raff y cebolla tostada (2u)<\/span><\/p>\n<span class=\"dots\"><\/span><span class=\"menu-list__item-price\">7.75\u20ac\n##Mejillones Trapelles<\/span><p class=\"menu-list__item-desc\"><span class=\"desc__content\">Al vapor con salsa de mojo rojo<\/span><\/p>\n<span class=\"dots\"><\/span><span class=\"menu-list__item-price\">9.70\u20ac\n##Ensalada de frutos secos<\/span><p class=\"menu-list__item-desc\"><span class=\"desc__content\">Con s\u00e9samo, s\u00e8sam, virutas de jam\u00f3n, queso de cabra y miel romeric<\/span><\/p>\n<span class=\"dots\"><\/span><span class=\"menu-list__item-price\">10.20\u20ac\n##Gazpacho casero (verano)<\/span><p class=\"menu-list__item-desc\"><span class=\"desc__content\">Con crudit\u00e9s, huevo, virutas de jam\u00f3n ib\u00e9rico y picatostes<\/span><\/p>\n<span class=\"dots\"><\/span><span class=\"menu-list__item-price\">6.95\u20ac\n##Pur\u00e9 de patatas parmentier trufada con huevo poch\u00e9 (seg\u00fan mercado)<\/span><p class=\"menu-list__item-desc\"><span class=\"desc__content\">Opci\u00f3n vegana<\/span><\/p>\n<span class=\"dots\"><\/span><span class=\"menu-list__item-price\">16.10\u20ac\n##Dados de salm\u00f3n con crema de aguacate<\/span><span class=\"dots\"><\/span><span class=\"menu-list__item-price\">13.95\u20ac<\/span><\/div>\n\n\t<\/div>\n\t<div class=\"grid__item six-twelfths palm-one-whole\" >\n\t\t\n<div class=\"menu-list menu-list__dotted\">\n<h2 class=\"menu-list__title\">De la Tierra y del Mar<\/h2>\n<ul class=\"menu-list__items\">\n<li class=\"menu-list__item\">\n<h4 class=\"menu-list__item-title\">Albondigas<\/h4>\n<p class=\"menu-list__item-desc\"><span class=\"desc__content\">Con salsa de almendras, bolas de patata y cebollino<\/span><span class=\"dots\"><\/span><span class=\"menu-list__item-price\">11.90\u20ac\n##Calamar Ajoaceite negro<\/span><\/p>\n<p class=\"menu-list__item-desc\"><span class=\"desc__content\">Sobre cama de ajoaceite negro y crujiente de patata agria y zanahoria<\/span><span class=\"dots\"><\/span><span class=\"menu-list__item-price\">11.90\u20ac\n##Hamburguesa de Pau de ternera en Reducci\u00f3n Pedro Xim\u00e9nez<\/span><\/p>\n<p class=\"menu-list__item-desc\"><span class=\"desc__content\">Con arroz pilaf de setas salvajes<\/span><span class=\"dots\"><\/span><span class=\"menu-list__item-price\">14.10\u20ac\n##Filete de ternera de Gerona<\/span><\/p>\n<p class=\"menu-list__item-desc\"><span class=\"desc__content\">Filete de 170g con aroma de tomillo, puntas de esp\u00e1rragos verdes y pur\u00e9 parmentier trufado<\/span><span class=\"dots\"><\/span><span class=\"menu-list__item-price\">19.90\u20ac\n##Bacalao a la llauna (invierno)<\/span><\/p>\n<p class=\"menu-list__item-desc\"><span class=\"desc__content\">Sobre cama de jud\u00edas y tirabeques<\/span><span class=\"dots\"><\/span><span class=\"menu-list__item-price\">16.50\u20ac\n##Arroz pilaf de champi\u00f1ones y setas con verduritas<\/span><\/p>\n<p class=\"menu-list__item-desc\"><span class=\"desc__content\">Opci\u00f3n vegana<\/span><span class=\"dots\"><\/span><span class=\"menu-list__item-price\">15.15\u20ac\n##At\u00fan fresca a la plancha<\/span><\/p>\n<p class=\"menu-list__item-desc\"><span class=\"desc__content\">Con verduritas salteadas en soja y germinados de cebolla<\/span><span class=\"dots\"><\/span><span class=\"menu-list__item-price\">14.95\u20ac\n##Hamburguesa de lentejas, Ch\u00eda y salsa romesco<\/span><\/p>\n<p class=\"menu-list__item-desc\"><span class=\"desc__content\">Con arroz pilaf de setas salvajes (opci\u00f3n vegana)<\/span><span class=\"dots\"><\/span><span class=\"menu-list__item-price\">13.85\u20ac\n##Steak Tartar de filete de Gerona<\/span><\/p>\n<span class=\"dots\"><\/span><span class=\"menu-list__item-price\">19.90\u20ac\n#Momentos Trapelles<\/span><span class=\"dots\"><\/span><span class=\"menu-list__item-price\">5.25\u20ac\n##Coulant de chocolate sin gluten (+opci\u00f3n bola de helado de vainilla)<\/span><span class=\"dots\"><\/span><span class=\"menu-list__item-price\">4.60\u20ac\n##Helado Trapella (caf\u00e9, vainilla, baileys)<\/span><span class=\"dots\"><\/span><span class=\"menu-list__item-price\">5.25\u20ac\n##Pastel de Zanahoria<\/span><span class=\"dots\"><\/span><span class=\"menu-list__item-price\">6.80\u20ac<\/span><\/li>\n<\/ul>\n<\/div>\n\n\t<\/div>\n\t<\/div>\n\n<p>&nbsp;<\/p>\n<div class=\"pixcode  pixcode--separator  separator separator--flower\">&#10043;<\/div>\n\n\n","protected":false},"excerpt":{"rendered":"<p>&nbsp;<\/p>\n","protected":false},"author":1,"featured_media":806,"parent":0,"menu_order":0,"comment_status":"closed","ping_status":"closed","template":"","meta":[],"_links":{"self":[{"href":"https:\/\/caltrapella.com\/es\/wp-json\/wp\/v2\/pages\/69"}],"collection":[{"href":"https:\/\/caltrapella.com\/es\/wp-json\/wp\/v2\/pages"}],"about":[{"href":"https:\/\/caltrapella.com\/es\/wp-json\/wp\/v2\/types\/page"}],"author":[{"embeddable":true,"href":"https:\/\/caltrapella.com\/es\/wp-json\/wp\/v2\/users\/1"}],"replies":[{"embeddable":true,"href":"https:\/\/caltrapella.com\/es\/wp-json\/wp\/v2\/comments?post=69"}],"version-history":[{"count":3,"href":"https:\/\/caltrapella.com\/es\/wp-json\/wp\/v2\/pages\/69\/revisions"}],"predecessor-version":[{"id":1832,"href":"https:\/\/caltrapella.com\/es\/wp-json\/wp\/v2\/pages\/69\/revisions\/1832"}],"wp:featuredmedia":[{"embeddable":true,"href":"https:\/\/caltrapella.com\/es\/wp-json\/wp\/v2\/media\/806"}],"wp:attachment":[{"href":"https:\/\/caltrapella.com\/es\/wp-json\/wp\/v2\/media?parent=69"}],"curies":[{"name":"wp","href":"https:\/\/api.w.org\/{rel}","templated":true}]}}