{"id":37,"date":"2019-01-01T00:00:17","date_gmt":"2018-12-31T23:00:17","guid":{"rendered":""},"modified":"2024-05-05T14:05:35","modified_gmt":"2024-05-05T12:05:35","slug":"reservar-cal-trapella","status":"publish","type":"page","link":"https:\/\/caltrapella.com\/es\/reservar-cal-trapella\/","title":{"rendered":"Reservas"},"content":{"rendered":"\t<div class=\"pixcode  pixcode--grid  grid\" >\n\t\t\t<div class=\"grid__item eight-twelfths palm-one-whole\" >\n\t\t\n<p><strong>NO SE ACEPTAN RESERVAS POR CORREO PARA EL MISMO D\u00cdA. HAY QUE HACERLAS LLAMANDO AL 662 62 80 58.<\/strong><\/p>\n<p><script type=\"text\/javascript\"\nsrc=\"https:\/\/www.covermanager.com\/js\/iframeResizer.min.js\"><\/script><iframe\nid=\"restaurante-caltrapella\" title=\"Reservas\"\nsrc=\"https:\/\/www.covermanager.com\/reservation\/module_restaurant\/restaurante-caltrapella\/spanish\"\nframeborder=\"0\" height=\"550\" width=\"100%\" onload=\"iFrameResize();\"><\/iframe><\/p>\n\t<\/div>\n\n\t<div class=\"grid__item four-twelfths palm-one-whole\" >\n\t\t\n<h3 style=\"margin-top: 10px;\">Ubicaci\u00f3n y Horarios<\/h3>\n<p>Cal Trapella est\u00e1 ubicado al lado de la Pla\u00e7a de la Villa de Gr\u00e0cia, en la calle Francisco Giner 22 de Barcelona.<\/p>\n<p>Horarios de Cocina<\/p>\n<p>\ud83d\udd12 Lunes cerrado<br \/>\n\ud83d\udd5a Martes, Mi\u00e9rcoles, Jueves, Viernes y S\u00e1bados de 20.00h \/ 23.30h<br \/>\n\ud83d\udd5a S\u00e1bados y Domingos de 13.00h \/ 16.30h<\/p>\n\t<\/div>\n\t<\/div>\n\n<p>&nbsp;<\/p>\n","protected":false},"excerpt":{"rendered":"<p>&nbsp;<\/p>\n","protected":false},"author":1,"featured_media":802,"parent":0,"menu_order":0,"comment_status":"closed","ping_status":"closed","template":"","meta":[],"_links":{"self":[{"href":"https:\/\/caltrapella.com\/es\/wp-json\/wp\/v2\/pages\/37"}],"collection":[{"href":"https:\/\/caltrapella.com\/es\/wp-json\/wp\/v2\/pages"}],"about":[{"href":"https:\/\/caltrapella.com\/es\/wp-json\/wp\/v2\/types\/page"}],"author":[{"embeddable":true,"href":"https:\/\/caltrapella.com\/es\/wp-json\/wp\/v2\/users\/1"}],"replies":[{"embeddable":true,"href":"https:\/\/caltrapella.com\/es\/wp-json\/wp\/v2\/comments?post=37"}],"version-history":[{"count":7,"href":"https:\/\/caltrapella.com\/es\/wp-json\/wp\/v2\/pages\/37\/revisions"}],"predecessor-version":[{"id":2477,"href":"https:\/\/caltrapella.com\/es\/wp-json\/wp\/v2\/pages\/37\/revisions\/2477"}],"wp:featuredmedia":[{"embeddable":true,"href":"https:\/\/caltrapella.com\/es\/wp-json\/wp\/v2\/media\/802"}],"wp:attachment":[{"href":"https:\/\/caltrapella.com\/es\/wp-json\/wp\/v2\/media?parent=37"}],"curies":[{"name":"wp","href":"https:\/\/api.w.org\/{rel}","templated":true}]}}