{"id":1428,"date":"2019-01-01T00:00:17","date_gmt":"2018-12-31T23:00:17","guid":{"rendered":"https:\/\/caltrapella.com\/reserves\/"},"modified":"2024-05-05T14:22:08","modified_gmt":"2024-05-05T12:22:08","slug":"reserves","status":"publish","type":"page","link":"https:\/\/caltrapella.com\/ca\/reserves\/","title":{"rendered":"Reserves"},"content":{"rendered":"\t<div class=\"pixcode  pixcode--grid  grid\" >\n\t\t\t<div class=\"grid__item eight-twelfths palm-one-whole\" >\n\t\t\n<p style=\"text-align: center;\"><strong>NO S\u00b4ACCEPTEN RESERVES PER CORREU PER AL MATEIX DIA. CAL FER-LES TRUCANT AL 662 62 80 58.<\/strong><\/p>\n<p><script type=\"text\/javascript\"\nsrc=\"https:\/\/www.covermanager.com\/js\/iframeResizer.min.js\"><\/script><iframe\nid=\"restaurante-caltrapella\" title=\"Reservas\"\nsrc=\"https:\/\/www.covermanager.com\/reservation\/module_restaurant\/restaurante-caltrapella\/spanish\"\nframeborder=\"0\" height=\"550\" width=\"100%\" onload=\"iFrameResize();\"><\/iframe><\/p>\n\t<\/div>\n\n\t<div class=\"grid__item four-twelfths palm-one-whole\" >\n\t\t\n<h3 style=\"margin-top: 10px;\">Ubicaci\u00f3 i Horaris<\/h3>\n<p>Cal Trapella est\u00e0 situat al costat de la Pla\u00e7a de la Villa de Gr\u00e0cia, al carrer Francisco Giner 22 de Barcelona.<\/p>\n<p>Horaris de Cuina<\/p>\n<p>\ud83d\udd12 Dilluns tancat<br \/>\n\ud83d\udd5a Dimarts, Dimecres, Dijous, Divendres i Dissabtes de 20.00h \/ 23.00h<br \/>\n\ud83d\udd5a Dissabtes i Diumenges de 13.00h \/ 16.00h<\/p>\n\t<\/div>\n\t<\/div>\n\n","protected":false},"excerpt":{"rendered":"","protected":false},"author":1,"featured_media":1429,"parent":0,"menu_order":0,"comment_status":"closed","ping_status":"closed","template":"","meta":[],"_links":{"self":[{"href":"https:\/\/caltrapella.com\/ca\/wp-json\/wp\/v2\/pages\/1428"}],"collection":[{"href":"https:\/\/caltrapella.com\/ca\/wp-json\/wp\/v2\/pages"}],"about":[{"href":"https:\/\/caltrapella.com\/ca\/wp-json\/wp\/v2\/types\/page"}],"author":[{"embeddable":true,"href":"https:\/\/caltrapella.com\/ca\/wp-json\/wp\/v2\/users\/1"}],"replies":[{"embeddable":true,"href":"https:\/\/caltrapella.com\/ca\/wp-json\/wp\/v2\/comments?post=1428"}],"version-history":[{"count":3,"href":"https:\/\/caltrapella.com\/ca\/wp-json\/wp\/v2\/pages\/1428\/revisions"}],"predecessor-version":[{"id":2495,"href":"https:\/\/caltrapella.com\/ca\/wp-json\/wp\/v2\/pages\/1428\/revisions\/2495"}],"wp:featuredmedia":[{"embeddable":true,"href":"https:\/\/caltrapella.com\/ca\/wp-json\/wp\/v2\/media\/1429"}],"wp:attachment":[{"href":"https:\/\/caltrapella.com\/ca\/wp-json\/wp\/v2\/media?parent=1428"}],"curies":[{"name":"wp","href":"https:\/\/api.w.org\/{rel}","templated":true}]}}